{"id":3,"date":"2026-02-21T21:45:40","date_gmt":"2026-02-21T21:45:40","guid":{"rendered":"http:\/\/www.szukaminflu.pl\/?page_id=3"},"modified":"2026-04-07T13:35:17","modified_gmt":"2026-04-07T13:35:17","slug":"o-nas","status":"publish","type":"page","link":"https:\/\/www.szukaminflu.pl\/index.php\/o-nas\/","title":{"rendered":"Oferta"},"content":{"rendered":"\n<div class=\"wp-block-columns is-layout-flex wp-container-core-columns-is-layout-9d6595d7 wp-block-columns-is-layout-flex\">\n<div class=\"wp-block-column is-layout-flow wp-block-column-is-layout-flow\" style=\"flex-basis:100%\"><\/div>\n<\/div>\n\n\n\n<h4 class=\"wp-block-heading\">Moja dzia\u0142alno\u015b\u0107 koncentruje si\u0119 na \u0142\u0105czeniu marek z odpowiednimi influencerami i tw\u00f3rcami internetowymi w spos\u00f3b, kt\u00f3ry realnie wspiera ich cele biznesowe i komunikacyjne.<\/h4>\n\n\n\n<p><br>\u0141\u0105cz\u0119 dzia\u0142ania komercyjne z podej\u015bciem opartym na autentyczno\u015bci, storytellingu i marketingu warto\u015bci, realizuj\u0105c r\u00f3wnie\u017c projekty kreatywne i niestandardowe.<\/p>\n\n\n\n<p><br><strong>W szczeg\u00f3lno\u015bci oferuj\u0119:<\/strong><\/p>\n\n\n\n<ul class=\"wp-block-list\">\n<li>Opracowanie strategii wsp\u00f3\u0142pracy z influencerami i content creatorami w ramach kampanii marketingowych<\/li>\n\n\n\n<li>Dob\u00f3r i pozyskiwanie tw\u00f3rc\u00f3w dopasowanych do to\u017csamo\u015bci marki oraz jej cel\u00f3w komunikacyjnych<\/li>\n\n\n\n<li>Kompleksow\u0105 obs\u0142ug\u0119 wsp\u00f3\u0142prac reklamowych \u2013 od negocjacji po realizacj\u0119 i rozliczenie kampanii<\/li>\n\n\n\n<li>Organizacj\u0119 udzia\u0142u influencer\u00f3w w wydarzeniach, konferencjach i eventach \u2013 jako ambasador\u00f3w, prowadz\u0105cych lub go\u015bci specjalnych<\/li>\n\n\n\n<li>Tworz\u0119 kampanie z udzia\u0142em tw\u00f3rc\u00f3w, wzmacniane p\u0142atn\u0105 promocj\u0105 tre\u015bci na Instagramie i TikToku, aby maksymalizowa\u0107 ich zasi\u0119g i efektywno\u015b\u0107<\/li>\n<\/ul>\n\n\n<div class=\"wp-block-image\">\n<figure class=\"aligncenter size-large is-resized\"><img loading=\"lazy\" decoding=\"async\" width=\"1536\" height=\"1024\" src=\"https:\/\/www.szukaminflu.pl\/wp-content\/uploads\/2026\/04\/ChatGPT-Image-7-kwi-2026-o-15_20_55-edited.png\" alt=\"\" class=\"wp-image-212\" style=\"aspect-ratio:1.7788807544360343;width:660px;height:auto\" srcset=\"https:\/\/www.szukaminflu.pl\/wp-content\/uploads\/2026\/04\/ChatGPT-Image-7-kwi-2026-o-15_20_55-edited.png 1536w, https:\/\/www.szukaminflu.pl\/wp-content\/uploads\/2026\/04\/ChatGPT-Image-7-kwi-2026-o-15_20_55-edited-300x200.png 300w, https:\/\/www.szukaminflu.pl\/wp-content\/uploads\/2026\/04\/ChatGPT-Image-7-kwi-2026-o-15_20_55-edited-1024x683.png 1024w, https:\/\/www.szukaminflu.pl\/wp-content\/uploads\/2026\/04\/ChatGPT-Image-7-kwi-2026-o-15_20_55-edited-768x512.png 768w\" sizes=\"auto, (max-width: 1536px) 100vw, 1536px\" \/><\/figure>\n<\/div>","protected":false},"excerpt":{"rendered":"<p>Moja dzia\u0142alno\u015b\u0107 koncentruje si\u0119 na \u0142\u0105czeniu marek z odpowiednimi influencerami i tw\u00f3rcami internetowymi w spos\u00f3b, kt\u00f3ry realnie wspiera ich cele biznesowe i komunikacyjne. \u0141\u0105cz\u0119 dzia\u0142ania komercyjne z podej\u015bciem opartym na autentyczno\u015bci, storytellingu i marketingu warto\u015bci, realizuj\u0105c r\u00f3wnie\u017c projekty kreatywne i niestandardowe. W szczeg\u00f3lno\u015bci oferuj\u0119:<\/p>\n","protected":false},"author":1,"featured_media":0,"parent":0,"menu_order":0,"comment_status":"closed","ping_status":"closed","template":"about","meta":{"hide_page_title":"","footnotes":""},"class_list":["post-3","page","type-page","status-publish","hentry"],"_links":{"self":[{"href":"https:\/\/www.szukaminflu.pl\/index.php\/wp-json\/wp\/v2\/pages\/3","targetHints":{"allow":["GET"]}}],"collection":[{"href":"https:\/\/www.szukaminflu.pl\/index.php\/wp-json\/wp\/v2\/pages"}],"about":[{"href":"https:\/\/www.szukaminflu.pl\/index.php\/wp-json\/wp\/v2\/types\/page"}],"author":[{"embeddable":true,"href":"https:\/\/www.szukaminflu.pl\/index.php\/wp-json\/wp\/v2\/users\/1"}],"replies":[{"embeddable":true,"href":"https:\/\/www.szukaminflu.pl\/index.php\/wp-json\/wp\/v2\/comments?post=3"}],"version-history":[{"count":18,"href":"https:\/\/www.szukaminflu.pl\/index.php\/wp-json\/wp\/v2\/pages\/3\/revisions"}],"predecessor-version":[{"id":218,"href":"https:\/\/www.szukaminflu.pl\/index.php\/wp-json\/wp\/v2\/pages\/3\/revisions\/218"}],"wp:attachment":[{"href":"https:\/\/www.szukaminflu.pl\/index.php\/wp-json\/wp\/v2\/media?parent=3"}],"curies":[{"name":"wp","href":"https:\/\/api.w.org\/{rel}","templated":true}]}}