{"id":146,"date":"2026-03-30T17:52:54","date_gmt":"2026-03-30T17:52:54","guid":{"rendered":"https:\/\/www.szukaminflu.pl\/?page_id=146"},"modified":"2026-04-07T14:19:06","modified_gmt":"2026-04-07T14:19:06","slug":"o-mnie","status":"publish","type":"page","link":"https:\/\/www.szukaminflu.pl\/index.php\/o-mnie\/","title":{"rendered":"O mnie"},"content":{"rendered":"\n<p>Od kilku lat \u0142\u0105cz\u0119 marki z influencerami \u2014 od rozwijaj\u0105cych si\u0119 tw\u00f3rc\u00f3w po najwi\u0119ksze nazwiska na rynku. W tym czasie mia\u0142em okazj\u0119 pracowa\u0107 zar\u00f3wno po stronie agencji, jak i bezpo\u015brednio z klientami, co pozwala mi dobrze rozumie\u0107 potrzeby obu stron.<\/p>\n\n\n\n<p><\/p>\n\n\n\n<p>Mam ponad 7 lat do\u015bwiadczenia w sprzeda\u017cy i marketingu, dlatego do influencer marketingu podchodz\u0119 nie tylko kreatywnie, ale przede wszystkim biznesowo. Ka\u017cd\u0105 wsp\u00f3\u0142prac\u0119 prowadz\u0119 z uwzgl\u0119dnieniem indywidualnych potrzeb i kierunku rozwoju marki.<\/p>\n\n\n\n<p><\/p>\n\n\n\n<p>W pracy stawiam na dopasowanie i autentyczno\u015b\u0107. Wierz\u0119, \u017ce najlepsze efekty powstaj\u0105 wtedy, gdy marka i tw\u00f3rca naprawd\u0119 do siebie pasuj\u0105 \u2014 zar\u00f3wno pod wzgl\u0119dem warto\u015bci, jak i komunikacji.<\/p>\n\n\n\n<p><\/p>\n\n\n\n<p>Dbam o to, aby wsp\u00f3\u0142prace by\u0142y korzystne dla obu stron: skuteczne dla marek i satysfakcjonuj\u0105ce dla tw\u00f3rc\u00f3w. Dzi\u0119ki temu kampanie s\u0105 nie tylko efektywne, ale te\u017c naturalne i dobrze odbierane przez odbiorc\u00f3w.<\/p>\n\n\n\n<figure class=\"wp-block-image size-large\"><img loading=\"lazy\" decoding=\"async\" width=\"1024\" height=\"683\" src=\"http:\/\/www.szukaminflu.pl\/wp-content\/uploads\/2026\/04\/ChatGPT-Image-7-kwi-2026-o-15_20_55-edited-1024x683.png\" alt=\"\" class=\"wp-image-212\" srcset=\"https:\/\/www.szukaminflu.pl\/wp-content\/uploads\/2026\/04\/ChatGPT-Image-7-kwi-2026-o-15_20_55-edited-1024x683.png 1024w, https:\/\/www.szukaminflu.pl\/wp-content\/uploads\/2026\/04\/ChatGPT-Image-7-kwi-2026-o-15_20_55-edited-300x200.png 300w, https:\/\/www.szukaminflu.pl\/wp-content\/uploads\/2026\/04\/ChatGPT-Image-7-kwi-2026-o-15_20_55-edited-768x512.png 768w, https:\/\/www.szukaminflu.pl\/wp-content\/uploads\/2026\/04\/ChatGPT-Image-7-kwi-2026-o-15_20_55-edited.png 1536w\" sizes=\"auto, (max-width: 1024px) 100vw, 1024px\" \/><\/figure>\n","protected":false},"excerpt":{"rendered":"<p>Od kilku lat \u0142\u0105cz\u0119 marki z influencerami \u2014 od rozwijaj\u0105cych si\u0119 tw\u00f3rc\u00f3w po najwi\u0119ksze nazwiska na rynku. W tym czasie mia\u0142em okazj\u0119 pracowa\u0107 zar\u00f3wno po stronie agencji, jak i bezpo\u015brednio z klientami, co pozwala mi dobrze rozumie\u0107 potrzeby obu stron. Mam ponad 7 lat do\u015bwiadczenia w sprzeda\u017cy i marketingu, dlatego do influencer marketingu podchodz\u0119 nie [&hellip;]<\/p>\n","protected":false},"author":1,"featured_media":0,"parent":0,"menu_order":0,"comment_status":"closed","ping_status":"closed","template":"","meta":{"hide_page_title":"","footnotes":""},"class_list":["post-146","page","type-page","status-publish","hentry"],"_links":{"self":[{"href":"https:\/\/www.szukaminflu.pl\/index.php\/wp-json\/wp\/v2\/pages\/146","targetHints":{"allow":["GET"]}}],"collection":[{"href":"https:\/\/www.szukaminflu.pl\/index.php\/wp-json\/wp\/v2\/pages"}],"about":[{"href":"https:\/\/www.szukaminflu.pl\/index.php\/wp-json\/wp\/v2\/types\/page"}],"author":[{"embeddable":true,"href":"https:\/\/www.szukaminflu.pl\/index.php\/wp-json\/wp\/v2\/users\/1"}],"replies":[{"embeddable":true,"href":"https:\/\/www.szukaminflu.pl\/index.php\/wp-json\/wp\/v2\/comments?post=146"}],"version-history":[{"count":7,"href":"https:\/\/www.szukaminflu.pl\/index.php\/wp-json\/wp\/v2\/pages\/146\/revisions"}],"predecessor-version":[{"id":221,"href":"https:\/\/www.szukaminflu.pl\/index.php\/wp-json\/wp\/v2\/pages\/146\/revisions\/221"}],"wp:attachment":[{"href":"https:\/\/www.szukaminflu.pl\/index.php\/wp-json\/wp\/v2\/media?parent=146"}],"curies":[{"name":"wp","href":"https:\/\/api.w.org\/{rel}","templated":true}]}}